{"id":101224,"date":"2025-03-24T13:05:55","date_gmt":"2025-03-24T12:05:55","guid":{"rendered":"https:\/\/zaunservicepoland.com\/pl\/?page_id=101224"},"modified":"2026-01-27T01:01:25","modified_gmt":"2026-01-27T00:01:25","slug":"galeria","status":"publish","type":"page","link":"https:\/\/zaunservicepoland.com\/pl\/galeria\/","title":{"rendered":"galeria"},"content":{"rendered":"<p>[et_pb_section fb_built=&#8220;1&#8243; _builder_version=&#8220;4.23&#8243; background_color=&#8220;#1ab567&#8243; custom_padding=&#8220;40px|0px|40px|0px|true|false&#8220; top_divider_style=&#8220;slant2&#8243; top_divider_color=&#8220;#f4f4f4&#8243; global_colors_info=&#8220;{}&#8220;][et_pb_row module_id=&#8220;galeria&#8220; module_class=&#8220;galeria&#8220; _builder_version=&#8220;4.23&#8243; custom_padding=&#8220;93px|0px|52px|0px|false|false&#8220; global_colors_info=&#8220;{}&#8220;][et_pb_column type=&#8220;4_4&#8243; _builder_version=&#8220;4.16&#8243; custom_padding=&#8220;|||&#8220; global_colors_info=&#8220;{}&#8220; custom_padding__hover=&#8220;|||&#8220;][et_pb_text _builder_version=&#8220;4.25.1&#8243; text_font=&#8220;Poppins|700|||||||&#8220; text_text_color=&#8220;#FFFFFF&#8220; text_font_size=&#8220;30px&#8220; text_orientation=&#8220;center&#8220; text_font_size_tablet=&#8220;&#8220; text_font_size_phone=&#8220;20px&#8220; text_font_size_last_edited=&#8220;on|desktop&#8220; global_colors_info=&#8220;{}&#8220;]Nasze realizacje[\/et_pb_text][et_pb_text _builder_version=&#8220;4.25.1&#8243; text_font=&#8220;Roboto|300|||||||&#8220; text_text_color=&#8220;#FFFFFF&#8220; text_font_size=&#8220;15px&#8220; text_line_height=&#8220;1.8em&#8220; text_orientation=&#8220;center&#8220; max_width=&#8220;45%&#8220; max_width_tablet=&#8220;80%&#8220; max_width_phone=&#8220;90%&#8220; max_width_last_edited=&#8220;on|desktop&#8220; module_alignment=&#8220;center&#8220; custom_margin=&#8220;-13px||&#8220; custom_padding=&#8220;0px||&#8220; global_colors_info=&#8220;{}&#8220;]W tym miejscu mo\u017cesz zapozna\u0107 si\u0119 z naszymi ostatnimi realizacjami :[\/et_pb_text][\/et_pb_column][\/et_pb_row][et_pb_row use_custom_gutter=&#8220;on&#8220; gutter_width=&#8220;2&#8243; _builder_version=&#8220;4.16&#8243; custom_padding=&#8220;7px|0px||0px|false|false&#8220; global_colors_info=&#8220;{}&#8220;][et_pb_column type=&#8220;4_4&#8243; _builder_version=&#8220;4.16&#8243; custom_padding=&#8220;|||&#8220; global_colors_info=&#8220;{}&#8220; custom_padding__hover=&#8220;|||&#8220;][et_pb_gallery gallery_ids=&#8220;101072,101073,101074,101075,101076,101077,101078,101079,101080,101081,101082,101083,101084,101085,101086,101087,101088,101089,101090,101091,101092,101093,101094,101095,101096,101097,101098,101099,101100,101101,101102,101103,101104,101105,101106,101107,101108,101109,101110,101111,101112,101113,101114,101115,101116,101120,101121,101122,101123,101124,101125,101126,101127,101142,101143,101144,101145,101146,101147,101148,101149,101150,101151,101152,101153,101154,101155,101162,101163,101168,101169,101170,101171,101172,101173,101174,101175,101176,101177,101178,101179,101180,101181,101182,101183,101186,101187,101188,101189,101190,101191,101192,101193,101194,101195,101196,101197,101198,101199,101200,101201,101202,101203,101204,101205,101206,101207,101208,101209,101210,101211,101212,101213,101214,101215,101216,101217,101218,101219,101220,101221,101234,101235,101236,101237,101238,101239,101240,101241,101244,101245,101246,101247,101248,101249,101250,101251,101252,101253,101257,101258,101259,101260,101261,101262,101268,101269,101270,101271,101272,101273,101274,101275,101276,101280,101289,101288,101287,101286,101285,101284,101283,101282,101281,101295,101296,101297,101298,101304,101305,101306,101307,101308,101314,101318,101319,101320,101321,101322,101323,101324,101325,101326,101327,101328&#8243; posts_number=&#8220;150&#8243; module_id=&#8220;pa-image-gallery-1-1&#8243; module_class=&#8220;pa-image-gallery-1-1&#8243; _builder_version=&#8220;4.25.1&#8243; _module_preset=&#8220;default&#8220; title_text_color=&#8220;#000000&#8243; title_font_size=&#8220;24px&#8220; pagination_text_color=&#8220;#FFFFFF&#8220; animation_style=&#8220;fade&#8220; hover_enabled=&#8220;0&#8243; border_radii=&#8220;on|9px|9px|9px|9px&#8220; border_color_all=&#8220;#000000&#8243; global_colors_info=&#8220;{}&#8220; sticky_enabled=&#8220;0&#8243;][\/et_pb_gallery][\/et_pb_column][\/et_pb_row][\/et_pb_section]<\/p>\n","protected":false},"excerpt":{"rendered":"<p>Nasze realizacjeW tym miejscu mo\u017cesz zapozna\u0107 si\u0119 z naszymi ostatnimi realizacjami :<\/p>\n","protected":false},"author":1,"featured_media":0,"parent":0,"menu_order":0,"comment_status":"closed","ping_status":"closed","template":"","meta":{"_et_pb_use_builder":"on","_et_pb_old_content":"<p>[et_pb_section fb_built=\"1\" _builder_version=\"4.23\" _module_preset=\"default\" background_color=\"#5B8500\" use_background_color_gradient=\"on\" background_color_gradient_stops=\"rgba(0,73,32,0.38) 0%|#1ab567 100%\" background_color_gradient_overlays_image=\"on\" background_image=\"https:\/\/zaunservicepoland.com\/pl\/wp-content\/uploads\/2023\/11\/Zdjecie-WhatsApp-2023-11-06-o-15.24.14_d0c4829d.jpg\" custom_padding=\"48px||86px||false|false\" bottom_divider_color=\"#FFFFFF\" global_colors_info=\"{}\"][et_pb_row use_custom_gutter=\"on\" gutter_width=\"2\" make_equal=\"on\" _builder_version=\"4.23\" _module_preset=\"default\" background_color=\"#FFFFFF\" width=\"90%\" width_tablet=\"90%\" width_phone=\"90%\" width_last_edited=\"on|tablet\" max_width_tablet=\"90%\" max_width_phone=\"90%\" max_width_last_edited=\"off|desktop\" custom_padding=\"27px||27px||true|\" animation_style=\"fade\" global_colors_info=\"{}\"][et_pb_column type=\"4_4\" _builder_version=\"4.16\" _module_preset=\"default\" global_colors_info=\"{}\"][et_pb_text _builder_version=\"4.25.1\" _module_preset=\"default\" text_font=\"Poppins|700||on|||||\" text_text_color=\"#000000\" text_font_size=\"25px\" text_line_height=\"1em\" hover_enabled=\"0\" global_colors_info=\"{}\" sticky_enabled=\"0\"]<\/p><p style=\"text-align: center;\">FORMULARZ<\/p><p>[\/et_pb_text][et_pb_text _builder_version=\"4.25.1\" _module_preset=\"default\" text_font=\"Roboto Condensed||||||||\" text_text_color=\"#000000\" text_font_size=\"15px\" text_line_height=\"1.8em\" custom_margin=\"15px||||false|false\" custom_margin_tablet=\"-10px||||false|false\" custom_margin_phone=\"-10px||||false|false\" custom_margin_last_edited=\"on|phone\" global_colors_info=\"{}\"]<\/p><p style=\"text-align: center;\">Tutaj znajdziesz nasz formularz kontaktowy, dzi\u0119ki kt\u00f3remu mo\u017cesz nawi\u0105za\u0107 z nami pierwszy kontakt.<\/p><p>[\/et_pb_text][et_pb_text _builder_version=\"4.25.1\" _module_preset=\"default\" text_font=\"Poppins||||||||\" text_text_color=\"#000000\" text_font_size=\"25px\" text_line_height=\"1.8em\" custom_margin=\"|20px||20px|false|false\" custom_margin_tablet=\"-10px||||false|false\" custom_margin_phone=\"-10px||||false|false\" custom_margin_last_edited=\"on|phone\" hover_enabled=\"0\" global_colors_info=\"{}\" sticky_enabled=\"0\"]<\/p><p style=\"text-align: center;\">Wybierasz przyk\u0142adowe ogrodzenie z naszej galerii i podaj nam numer. Powiedz nam, jak wysokie powinno by\u0107 Twoje przyk\u0142adowe ogrodzenie i podaj liczb\u0119 furtek i bram. Wybierz przyk\u0142adowe ogrodzenie, a my prze\u015blemy Ci ofert\u0119.<\/p><p>[\/et_pb_text][et_pb_contact_form captcha=\"off\" email=\"zaunservice.poland@gmail.com\" custom_message=\"Nowa wiadomo\u015b\u0107, ze strony zaunservicepoland.com||et_pb_line_break_holder||||et_pb_line_break_holder||1.ZAUNFORM: %%ZAUNFORM%%||et_pb_line_break_holder||||et_pb_line_break_holder||2.ZAUNMUSTER: %%zaunmuster%%||et_pb_line_break_holder||||et_pb_line_break_holder||3.Skizze, bilder oder zaichnungen : %%skizze%%||et_pb_line_break_holder||||et_pb_line_break_holder||4A. ZAUN \u2013 LAUFENDE METER Zaunh\u00f6he H in Metern: %%4A%%||et_pb_line_break_holder||||et_pb_line_break_holder||4B. ZAUN \u2013 LAUFENDE METER Zaunbreite B in Metern: %%zaunlaufende%%||et_pb_line_break_holder||||et_pb_line_break_holder||5A. %91Pforte: Ma\u00dfen%93 Pforteh\u00f6he H in Metern: %%pfortemas%%||et_pb_line_break_holder||||et_pb_line_break_holder||5B. %91Pforte: Ma\u00dfen%93 Pfortebreite B in Metern: %%pfortehohe%%||et_pb_line_break_holder||||et_pb_line_break_holder||6.TORFORM %%torform%%||et_pb_line_break_holder||||et_pb_line_break_holder||H\u00f6he H in Metern: %%H\u00f6he_H_in_Metern:%%||et_pb_line_break_holder||||et_pb_line_break_holder||Breite B in Metern: %%Breite_B_in_Metern:%%||et_pb_line_break_holder||||et_pb_line_break_holder||7.ANTRIEB : %%ANTRIEB%%||et_pb_line_break_holder||||et_pb_line_break_holder||Nachricht: %%Message%%||et_pb_line_break_holder||||et_pb_line_break_holder||Ihr Vor- und Nachname*: %%Name%%||et_pb_line_break_holder||||et_pb_line_break_holder||E-Mail-Adresse*: %%Your_Email%%||et_pb_line_break_holder||||et_pb_line_break_holder||Telefonnummer*: %%Phone_Number%%||et_pb_line_break_holder||||et_pb_line_break_holder||PLZ: %%plz%%||et_pb_line_break_holder||||et_pb_line_break_holder||Podejmij dzia\u0142anie jak najszybciej, aby nie straci\u0107 szansy sprzeda\u017cy.||et_pb_line_break_holder||\" submit_button_text=\"Wy\u015blij\" module_id=\"kontakt\" module_class=\"kontakt\" _builder_version=\"4.25.1\" _module_preset=\"default\" _unique_id=\"90c54bf3-bc24-45a9-ad09-3648593c6d98\" form_field_background_color=\"#30cc62\" form_field_text_color=\"#000000\" form_field_focus_background_color=\"#cccccc\" form_field_focus_text_color=\"#000000\" form_field_custom_padding=\"15px|20px|15px|20px|true|true\" title_text_color=\"#000000\" form_field_font=\"Poppins|500|||||||\" form_field_font_size=\"15px\" form_field_line_height=\"1.8em\" custom_button=\"on\" button_text_size=\"14px\" button_text_color=\"#FFFFFF\" button_bg_color=\"#333333\" button_border_width=\"0px\" button_border_color=\"RGBA(255,255,255,0)\" button_border_radius=\"5px\" button_font=\"Poppins|700||on|||||\" button_icon=\"\uf061||fa||900\" button_on_hover=\"off\" button_custom_margin=\"6px||||false|false\" button_custom_padding=\"15px|50px|15px|40px|true|false\" custom_margin=\"|20px||20px|false|false\" custom_padding=\"||64px|||\" animation_style=\"zoom\" hover_enabled=\"0\" save_entries_to_db=\"off\" success_button_color=\"#E02B20\" success_button_alignment=\"center\" success_message_heading_alignment=\"center\" success_message_alignment=\"center\" field_label_font=\"Poppins||||||||\" field_label_color=\"#000000\" field_desc_font=\"Poppins||||||||\" field_desc_color=\"#000000\" files_container_background=\"#f2f2f2\" chosen_file_text_color=\"#20bf35\" file_button_color=\"#38bc23\" errormessage_wrapper_background=\"#E02B20\" border_radii=\"on|5px|5px|5px|5px\" global_colors_info=\"{}\" button_text_color__hover_enabled=\"off|desktop\" button_text_color__hover=\"#ffffff\" button_bg_color__hover_enabled=\"off|desktop\" button_bg_color__hover=\"#091d3e\" button_bg_enable_color__hover=\"on\" button_border_color__hover_enabled=\"off|desktop\" button_border_color__hover=\"#091d3e\" button_letter_spacing__hover_enabled=\"on|desktop\" button_letter_spacing__hover=\"0px\" sticky_enabled=\"0\"][et_pb_contact_field field_id=\"ZAUNFORM\" field_title=\"1. KSZTA\u0141T OGRODZENIA\" field_type=\"checkbox\" checkbox_options=\"%91{%22value%22:%22A.%92tOgrodzenie kute %22,%22checked%22:0,%22dragID%22:-1},{%22value%22:%22B.%92tOgrodzenie panelowe%22,%22checked%22:0,%22dragID%22:0}%93\" required_mark=\"off\" fullwidth_field=\"on\" _builder_version=\"4.25.1\" _module_preset=\"default\" hover_enabled=\"0\" global_colors_info=\"{}\" sticky_enabled=\"0\"][\/et_pb_contact_field][et_pb_contact_field field_id=\"zaunmuster\" field_title=\"2. WZ\u00d3R OGRODZENIA Numer obrazu z naszej galerii lub nazwa obrazu lub nazwa projektu\" required_mark=\"off\" fullwidth_field=\"on\" _builder_version=\"4.25.1\" _module_preset=\"default\" hover_enabled=\"0\" global_colors_info=\"{}\" sticky_enabled=\"0\"][\/et_pb_contact_field][et_pb_contact_field field_id=\"skizze\" field_title=\"3. Szkice, obrazy lub rysunki Wy\u015blij obraz, plan lub szkic. Formaty plik\u00f3w: PDF, JPG, PNG, GIF. Maksymalny rozmiar pliku 5MB.\" required_mark=\"off\" fullwidth_field=\"on\" _builder_version=\"4.25.1\" _module_preset=\"default\" hover_enabled=\"0\" field_placeholder=\"3. Skizze, Bilder oder Zeichnungen Laden Sie ein Bild, Plan oder Skizze ein. Dateiformate: PDF, JPG, PNG, GIF. Maximale Dateigr\u00f6\u00dfe 5MB.\" field_description=\"3. Skizze, Bilder oder Zeichnungen Laden Sie ein Bild, Plan oder Skizze ein. Dateiformate: PDF, JPG, PNG, GIF. Maximale Dateigr\u00f6\u00dfe 5MB.\" use_file_upload=\"on\" file_size=\"5000\" file_mime=\"on|on|off|off|off|off|off|off|off|off|off|off|off|off|off|off|off|off|off|off|off|off|off|off|off|off|off|off|off|off|off|off|off|off|off|off|off|off|off|off|off|off|off|off|on|off|off|on|off|on|on|off|off|off|off|off|off|off|off|off|off|off|off|off|off|off|off|off|off|off|off|off|off|off|off|off|off|off|off|off|off|off|off|off|off|off|off|off|off|off|off|off\" global_colors_info=\"{}\" sticky_enabled=\"0\"][\/et_pb_contact_field][et_pb_contact_field field_id=\"4A\" field_title=\"4A. OGRODZENIE \u2013 METRY BIE\u017b\u0104CE Wysoko\u015b\u0107 ogrodzenia H w metrach:\" required_mark=\"off\" fullwidth_field=\"on\" _builder_version=\"4.25.1\" _module_preset=\"default\" hover_enabled=\"0\" global_colors_info=\"{}\" sticky_enabled=\"0\"][\/et_pb_contact_field][et_pb_contact_field field_id=\"zaunlaufende\" field_title=\"4B. OGRODZENIE \u2013 METRY BIE\u017b\u0104CE Szeroko\u015b\u0107 ogrodzenia B w metrach:\" required_mark=\"off\" fullwidth_field=\"on\" _builder_version=\"4.25.1\" _module_preset=\"default\" hover_enabled=\"0\" global_colors_info=\"{}\" sticky_enabled=\"0\"][\/et_pb_contact_field][et_pb_contact_field field_id=\"pfortemas\" field_title=\"5A. %91Brama: Wymiary%93 Wysoko\u015b\u0107 bramy H w metrach:\" required_mark=\"off\" fullwidth_field=\"on\" _builder_version=\"4.25.1\" _module_preset=\"default\" hover_enabled=\"0\" global_colors_info=\"{}\" sticky_enabled=\"0\"][\/et_pb_contact_field][et_pb_contact_field field_id=\"pfortehohe\" field_title=\"5B. %91Brama: Wymiary%93 Szeroko\u015b\u0107 bramy B w metrach:\" required_mark=\"off\" fullwidth_field=\"on\" _builder_version=\"4.25.1\" _module_preset=\"default\" hover_enabled=\"0\" global_colors_info=\"{}\" sticky_enabled=\"0\"][\/et_pb_contact_field][et_pb_contact_field field_id=\"torform\" field_title=\"6. Kszta\u0142t bramy\" field_type=\"checkbox\" checkbox_options=\"%91{%22value%22:%22A.%92tBrama wahad\u0142owa%22,%22checked%22:0,%22dragID%22:-1},{%22value%22:%22B. Brama przesuwna%22,%22checked%22:0,%22dragID%22:0}%93\" required_mark=\"off\" fullwidth_field=\"on\" _builder_version=\"4.25.1\" _module_preset=\"default\" hover_enabled=\"0\" global_colors_info=\"{}\" sticky_enabled=\"0\"][\/et_pb_contact_field][et_pb_contact_field field_id=\"H\u00f6he_H_in_Metern:\" field_title=\"Wysoko\u015b\u0107 H w metrach:\" required_mark=\"off\" fullwidth_field=\"on\" _builder_version=\"4.25.1\" _module_preset=\"default\" hover_enabled=\"0\" global_colors_info=\"{}\" sticky_enabled=\"0\"][\/et_pb_contact_field][et_pb_contact_field field_id=\"Breite_B_in_Metern:\" field_title=\" Szeroko\u015b\u0107 B w metrach:\" required_mark=\"off\" fullwidth_field=\"on\" _builder_version=\"4.25.1\" _module_preset=\"default\" hover_enabled=\"0\" global_colors_info=\"{}\" sticky_enabled=\"0\"][\/et_pb_contact_field][et_pb_contact_field field_id=\"ANTRIEB\" field_title=\"7. Nap\u0119d\" field_type=\"radio\" radio_options=\"%91{%22value%22:%22Tak%22,%22checked%22:0,%22dragID%22:-1},{%22value%22:%22Nie%22,%22checked%22:0,%22dragID%22:0}%93\" required_mark=\"off\" fullwidth_field=\"on\" _builder_version=\"4.25.1\" _module_preset=\"default\" hover_enabled=\"0\" global_colors_info=\"{}\" sticky_enabled=\"0\"][\/et_pb_contact_field][et_pb_contact_field field_id=\"Message\" field_title=\"Wiadomo\u015b\u0107\" field_type=\"text\" required_mark=\"off\" fullwidth_field=\"on\" _builder_version=\"4.25.1\" hover_enabled=\"0\" global_colors_info=\"{}\" button_text_size__hover_enabled=\"off\" button_one_text_size__hover_enabled=\"off\" button_two_text_size__hover_enabled=\"off\" button_text_color__hover_enabled=\"off\" button_one_text_color__hover_enabled=\"off\" button_two_text_color__hover_enabled=\"off\" button_border_width__hover_enabled=\"off\" button_one_border_width__hover_enabled=\"off\" button_two_border_width__hover_enabled=\"off\" button_border_color__hover_enabled=\"off\" button_one_border_color__hover_enabled=\"off\" button_two_border_color__hover_enabled=\"off\" button_border_radius__hover_enabled=\"off\" button_one_border_radius__hover_enabled=\"off\" button_two_border_radius__hover_enabled=\"off\" button_letter_spacing__hover_enabled=\"off\" button_one_letter_spacing__hover_enabled=\"off\" button_two_letter_spacing__hover_enabled=\"off\" button_bg_color__hover_enabled=\"off\" button_one_bg_color__hover_enabled=\"off\" button_two_bg_color__hover_enabled=\"off\" sticky_enabled=\"0\"][\/et_pb_contact_field][et_pb_contact_field field_id=\"Name\" field_title=\"Twoje imi\u0119 i nazwisko*:\" required_mark=\"off\" _builder_version=\"4.25.1\" hover_enabled=\"0\" global_colors_info=\"{}\" button_text_size__hover_enabled=\"off\" button_one_text_size__hover_enabled=\"off\" button_two_text_size__hover_enabled=\"off\" button_text_color__hover_enabled=\"off\" button_one_text_color__hover_enabled=\"off\" button_two_text_color__hover_enabled=\"off\" button_border_width__hover_enabled=\"off\" button_one_border_width__hover_enabled=\"off\" button_two_border_width__hover_enabled=\"off\" button_border_color__hover_enabled=\"off\" button_one_border_color__hover_enabled=\"off\" button_two_border_color__hover_enabled=\"off\" button_border_radius__hover_enabled=\"off\" button_one_border_radius__hover_enabled=\"off\" button_two_border_radius__hover_enabled=\"off\" button_letter_spacing__hover_enabled=\"off\" button_one_letter_spacing__hover_enabled=\"off\" button_two_letter_spacing__hover_enabled=\"off\" button_bg_color__hover_enabled=\"off\" button_one_bg_color__hover_enabled=\"off\" button_two_bg_color__hover_enabled=\"off\" sticky_enabled=\"0\"][\/et_pb_contact_field][et_pb_contact_field field_id=\"Your_Email\" field_title=\"E-Mail*:\" _builder_version=\"4.25.1\" hover_enabled=\"0\" global_colors_info=\"{}\" button_text_size__hover_enabled=\"off\" button_one_text_size__hover_enabled=\"off\" button_two_text_size__hover_enabled=\"off\" button_text_color__hover_enabled=\"off\" button_one_text_color__hover_enabled=\"off\" button_two_text_color__hover_enabled=\"off\" button_border_width__hover_enabled=\"off\" button_one_border_width__hover_enabled=\"off\" button_two_border_width__hover_enabled=\"off\" button_border_color__hover_enabled=\"off\" button_one_border_color__hover_enabled=\"off\" button_two_border_color__hover_enabled=\"off\" button_border_radius__hover_enabled=\"off\" button_one_border_radius__hover_enabled=\"off\" button_two_border_radius__hover_enabled=\"off\" button_letter_spacing__hover_enabled=\"off\" button_one_letter_spacing__hover_enabled=\"off\" button_two_letter_spacing__hover_enabled=\"off\" button_bg_color__hover_enabled=\"off\" button_one_bg_color__hover_enabled=\"off\" button_two_bg_color__hover_enabled=\"off\" sticky_enabled=\"0\"][\/et_pb_contact_field][et_pb_contact_field field_id=\"Phone_Number\" field_title=\"Numer Telefonu*:\" _builder_version=\"4.25.1\" hover_enabled=\"0\" global_colors_info=\"{}\" button_text_size__hover_enabled=\"off\" button_one_text_size__hover_enabled=\"off\" button_two_text_size__hover_enabled=\"off\" button_text_color__hover_enabled=\"off\" button_one_text_color__hover_enabled=\"off\" button_two_text_color__hover_enabled=\"off\" button_border_width__hover_enabled=\"off\" button_one_border_width__hover_enabled=\"off\" button_two_border_width__hover_enabled=\"off\" button_border_color__hover_enabled=\"off\" button_one_border_color__hover_enabled=\"off\" button_two_border_color__hover_enabled=\"off\" button_border_radius__hover_enabled=\"off\" button_one_border_radius__hover_enabled=\"off\" button_two_border_radius__hover_enabled=\"off\" button_letter_spacing__hover_enabled=\"off\" button_one_letter_spacing__hover_enabled=\"off\" button_two_letter_spacing__hover_enabled=\"off\" button_bg_color__hover_enabled=\"off\" button_one_bg_color__hover_enabled=\"off\" button_two_bg_color__hover_enabled=\"off\" sticky_enabled=\"0\"][\/et_pb_contact_field][et_pb_contact_field field_id=\"plz\" field_title=\"Kod pocztowy\" _builder_version=\"4.25.1\" hover_enabled=\"0\" global_colors_info=\"{}\" button_text_size__hover_enabled=\"off\" button_one_text_size__hover_enabled=\"off\" button_two_text_size__hover_enabled=\"off\" button_text_color__hover_enabled=\"off\" button_one_text_color__hover_enabled=\"off\" button_two_text_color__hover_enabled=\"off\" button_border_width__hover_enabled=\"off\" button_one_border_width__hover_enabled=\"off\" button_two_border_width__hover_enabled=\"off\" button_border_color__hover_enabled=\"off\" button_one_border_color__hover_enabled=\"off\" button_two_border_color__hover_enabled=\"off\" button_border_radius__hover_enabled=\"off\" button_one_border_radius__hover_enabled=\"off\" button_two_border_radius__hover_enabled=\"off\" button_letter_spacing__hover_enabled=\"off\" button_one_letter_spacing__hover_enabled=\"off\" button_two_letter_spacing__hover_enabled=\"off\" button_bg_color__hover_enabled=\"off\" button_one_bg_color__hover_enabled=\"off\" button_two_bg_color__hover_enabled=\"off\" sticky_enabled=\"0\"][\/et_pb_contact_field][et_pb_contact_field field_id=\"Datenschutzerkl\u00e4rung\" field_title=\"Ochrona danych\" field_type=\"radio\" radio_options=\"%91{%22value%22:%22 Zgoda: Zgadzam si\u0119 z polityk\u0105 prywatno\u015bci.%22,%22checked%22:0,%22dragID%22:-1}%93\" fullwidth_field=\"on\" _builder_version=\"4.25.1\" _module_preset=\"default\" hover_enabled=\"0\" global_colors_info=\"{}\" sticky_enabled=\"0\"][\/et_pb_contact_field][\/et_pb_contact_form][\/et_pb_column][\/et_pb_row][et_pb_row _builder_version=\"4.23\" _module_preset=\"default\" custom_padding=\"43px|||||\" global_colors_info=\"{}\"][et_pb_column type=\"4_4\" _builder_version=\"4.23\" _module_preset=\"default\" global_colors_info=\"{}\"][et_pb_text _builder_version=\"4.25.1\" _module_preset=\"default\" text_font=\"Poppins||||||||\" text_text_color=\"#FFFFFF\" text_font_size=\"27px\" text_line_height=\"1.8em\" custom_margin=\"-5px||||false|false\" custom_margin_tablet=\"-24px||||false|false\" custom_margin_phone=\"-26px||||false|false\" custom_margin_last_edited=\"on|desktop\" custom_padding=\"||||false|false\" hover_enabled=\"0\" text_text_shadow_style=\"preset1\" text_text_shadow_color=\"#000000\" global_colors_info=\"{}\" sticky_enabled=\"0\"]<\/p><p style=\"text-align: center;\">Je\u017celi jeste\u015b zadowolony z naszej oferty um\u00f3w si\u0119 na spotkanie na miejscu. Wykonujemy pomiar i odnajdujemy najlepsze rozwi\u0105zania.<br \/>Po spotkaniu otrzymaj\u0105 Pa\u0144stwo wi\u0105\u017c\u0105c\u0105 ofert\u0119.<br \/>Po akceptacji oferty rozpoczynamy produkcj\u0119.<\/p><p>[\/et_pb_text][\/et_pb_column][\/et_pb_row][\/et_pb_section]<\/p>","_et_gb_content_width":"","footnotes":""},"class_list":["post-101224","page","type-page","status-publish","hentry"],"_links":{"self":[{"href":"https:\/\/zaunservicepoland.com\/pl\/wp-json\/wp\/v2\/pages\/101224","targetHints":{"allow":["GET"]}}],"collection":[{"href":"https:\/\/zaunservicepoland.com\/pl\/wp-json\/wp\/v2\/pages"}],"about":[{"href":"https:\/\/zaunservicepoland.com\/pl\/wp-json\/wp\/v2\/types\/page"}],"author":[{"embeddable":true,"href":"https:\/\/zaunservicepoland.com\/pl\/wp-json\/wp\/v2\/users\/1"}],"replies":[{"embeddable":true,"href":"https:\/\/zaunservicepoland.com\/pl\/wp-json\/wp\/v2\/comments?post=101224"}],"version-history":[{"count":13,"href":"https:\/\/zaunservicepoland.com\/pl\/wp-json\/wp\/v2\/pages\/101224\/revisions"}],"predecessor-version":[{"id":101329,"href":"https:\/\/zaunservicepoland.com\/pl\/wp-json\/wp\/v2\/pages\/101224\/revisions\/101329"}],"wp:attachment":[{"href":"https:\/\/zaunservicepoland.com\/pl\/wp-json\/wp\/v2\/media?parent=101224"}],"curies":[{"name":"wp","href":"https:\/\/api.w.org\/{rel}","templated":true}]}}