{"id":94783,"date":"2022-03-29T05:16:36","date_gmt":"2022-03-29T03:16:36","guid":{"rendered":"https:\/\/diviwindowsdoorstheme.divifixer.com\/?page_id=33"},"modified":"2026-03-04T18:17:07","modified_gmt":"2026-03-04T17:17:07","slug":"kontakt","status":"publish","type":"page","link":"https:\/\/zaunservicepoland.com\/pl\/kontakt\/","title":{"rendered":"kontakt"},"content":{"rendered":"<p>[et_pb_section fb_built=&#8220;1&#8243; _builder_version=&#8220;4.23&#8243; _module_preset=&#8220;default&#8220; background_color=&#8220;#5B8500&#8243; use_background_color_gradient=&#8220;on&#8220; background_color_gradient_stops=&#8220;rgba(0,73,32,0.38) 0%|#1ab567 100%&#8220; background_color_gradient_overlays_image=&#8220;on&#8220; background_image=&#8220;https:\/\/zaunservicepoland.com\/pl\/wp-content\/uploads\/2023\/11\/Zdjecie-WhatsApp-2023-11-06-o-15.24.14_d0c4829d.jpg&#8220; custom_padding=&#8220;48px||86px||false|false&#8220; bottom_divider_color=&#8220;#FFFFFF&#8220; global_colors_info=&#8220;{}&#8220;][et_pb_row use_custom_gutter=&#8220;on&#8220; gutter_width=&#8220;2&#8243; make_equal=&#8220;on&#8220; _builder_version=&#8220;4.23&#8243; _module_preset=&#8220;default&#8220; background_color=&#8220;#FFFFFF&#8220; width=&#8220;90%&#8220; width_tablet=&#8220;90%&#8220; width_phone=&#8220;90%&#8220; width_last_edited=&#8220;on|tablet&#8220; max_width_tablet=&#8220;90%&#8220; max_width_phone=&#8220;90%&#8220; max_width_last_edited=&#8220;off|desktop&#8220; custom_padding=&#8220;27px||27px||true|&#8220; animation_style=&#8220;fade&#8220; global_colors_info=&#8220;{}&#8220;][et_pb_column type=&#8220;4_4&#8243; _builder_version=&#8220;4.16&#8243; _module_preset=&#8220;default&#8220; global_colors_info=&#8220;{}&#8220;][et_pb_text _builder_version=&#8220;4.25.1&#8243; _module_preset=&#8220;default&#8220; text_font=&#8220;Poppins|700||on|||||&#8220; text_text_color=&#8220;#000000&#8243; text_font_size=&#8220;25px&#8220; text_line_height=&#8220;1em&#8220; global_colors_info=&#8220;{}&#8220;]<\/p>\n<p style=\"text-align: center;\">FORMULARZ<\/p>\n<p>[\/et_pb_text][et_pb_text _builder_version=&#8220;4.25.1&#8243; _module_preset=&#8220;default&#8220; text_font=&#8220;Roboto Condensed||||||||&#8220; text_text_color=&#8220;#000000&#8243; text_font_size=&#8220;15px&#8220; text_line_height=&#8220;1.8em&#8220; custom_margin=&#8220;15px||||false|false&#8220; custom_margin_tablet=&#8220;-10px||||false|false&#8220; custom_margin_phone=&#8220;-10px||||false|false&#8220; custom_margin_last_edited=&#8220;on|phone&#8220; global_colors_info=&#8220;{}&#8220;]<\/p>\n<p style=\"text-align: center;\">Tutaj znajdziesz nasz formularz kontaktowy, dzi\u0119ki kt\u00f3remu mo\u017cesz nawi\u0105za\u0107 z nami pierwszy kontakt.<\/p>\n<p>[\/et_pb_text][et_pb_text _builder_version=&#8220;4.25.1&#8243; _module_preset=&#8220;default&#8220; text_font=&#8220;Poppins||||||||&#8220; text_text_color=&#8220;#000000&#8243; text_font_size=&#8220;25px&#8220; text_line_height=&#8220;1.8em&#8220; custom_margin=&#8220;|20px||20px|false|false&#8220; custom_margin_tablet=&#8220;-10px||||false|false&#8220; custom_margin_phone=&#8220;-10px||||false|false&#8220; custom_margin_last_edited=&#8220;on|phone&#8220; global_colors_info=&#8220;{}&#8220;]<\/p>\n<p style=\"text-align: center;\">Wybierasz przyk\u0142adowe ogrodzenie z naszej galerii i podaj nam numer. Powiedz nam, jak wysokie powinno by\u0107 Twoje przyk\u0142adowe ogrodzenie i podaj liczb\u0119 furtek i bram. Wybierz przyk\u0142adowe ogrodzenie, a my prze\u015blemy Ci ofert\u0119.<\/p>\n<p>[\/et_pb_text][et_pb_contact_form email=&#8220;zaunservice.poland@gmail.com&#8220; custom_message=&#8220;Nowa wiadomo\u015b\u0107, ze strony zaunservicepoland.com||et_pb_line_break_holder||||et_pb_line_break_holder||1.ZAUNFORM: %%ZAUNFORM%%||et_pb_line_break_holder||||et_pb_line_break_holder||2.ZAUNMUSTER: %%zaunmuster%%||et_pb_line_break_holder||||et_pb_line_break_holder||3.Skizze, bilder oder zaichnungen : %%skizze%%||et_pb_line_break_holder||||et_pb_line_break_holder||4A. ZAUN \u2013 LAUFENDE METER  Zaunh\u00f6he H in Metern: %%4A%%||et_pb_line_break_holder||||et_pb_line_break_holder||4B.\tZAUN \u2013 LAUFENDE METER  Zaunbreite B in Metern: %%zaunlaufende%%||et_pb_line_break_holder||||et_pb_line_break_holder||5A. %91Pforte: Ma\u00dfen%93  Pforteh\u00f6he H in Metern: %%pfortemas%%||et_pb_line_break_holder||||et_pb_line_break_holder||5B. %91Pforte: Ma\u00dfen%93 Pfortebreite B in Metern:  %%pfortehohe%%||et_pb_line_break_holder||||et_pb_line_break_holder||6.TORFORM %%torform%%||et_pb_line_break_holder||||et_pb_line_break_holder||H\u00f6he H in Metern: %%H\u00f6he_H_in_Metern:%%||et_pb_line_break_holder||||et_pb_line_break_holder||Breite B in Metern:  %%Breite_B_in_Metern:%%||et_pb_line_break_holder||||et_pb_line_break_holder||7.ANTRIEB : %%ANTRIEB%%||et_pb_line_break_holder||||et_pb_line_break_holder||Nachricht: %%Message%%||et_pb_line_break_holder||||et_pb_line_break_holder||Ihr Vor- und Nachname*: %%Name%%||et_pb_line_break_holder||||et_pb_line_break_holder||E-Mail-Adresse*: %%Your_Email%%||et_pb_line_break_holder||||et_pb_line_break_holder||Telefonnummer*: %%Phone_Number%%||et_pb_line_break_holder||||et_pb_line_break_holder||PLZ: %%plz%%||et_pb_line_break_holder||||et_pb_line_break_holder||Podejmij dzia\u0142anie jak najszybciej, aby nie straci\u0107 szansy sprzeda\u017cy.||et_pb_line_break_holder||&#8220; submit_button_text=&#8220;Wy\u015blij&#8220; module_id=&#8220;kontakt&#8220; module_class=&#8220;kontakt&#8220; _builder_version=&#8220;4.25.1&#8243; _module_preset=&#8220;default&#8220; _unique_id=&#8220;90c54bf3-bc24-45a9-ad09-3648593c6d98&#8243; form_field_background_color=&#8220;#30cc62&#8243; form_field_text_color=&#8220;#000000&#8243; form_field_focus_background_color=&#8220;#cccccc&#8220; form_field_focus_text_color=&#8220;#000000&#8243; form_field_custom_padding=&#8220;15px|20px|15px|20px|true|true&#8220; title_text_color=&#8220;#000000&#8243; form_field_font=&#8220;Poppins|500|||||||&#8220; form_field_font_size=&#8220;15px&#8220; form_field_line_height=&#8220;1.8em&#8220; custom_button=&#8220;on&#8220; button_text_size=&#8220;14px&#8220; button_text_color=&#8220;#FFFFFF&#8220; button_bg_color=&#8220;#333333&#8243; button_border_width=&#8220;0px&#8220; button_border_color=&#8220;RGBA(255,255,255,0)&#8220; button_border_radius=&#8220;5px&#8220; button_font=&#8220;Poppins|700||on|||||&#8220; button_icon=&#8220;&#xf061;||fa||900&#8243; button_on_hover=&#8220;off&#8220; button_custom_margin=&#8220;6px||||false|false&#8220; button_custom_padding=&#8220;15px|50px|15px|40px|true|false&#8220; custom_margin=&#8220;|20px||20px|false|false&#8220; custom_padding=&#8220;||64px|||&#8220; animation_style=&#8220;zoom&#8220; hover_enabled=&#8220;0&#8243; save_entries_to_db=&#8220;off&#8220; success_button_color=&#8220;#E02B20&#8243; success_button_alignment=&#8220;center&#8220; success_message_heading_alignment=&#8220;center&#8220; success_message_alignment=&#8220;center&#8220; field_label_font=&#8220;Poppins||||||||&#8220; field_label_color=&#8220;#000000&#8243; field_desc_font=&#8220;Poppins||||||||&#8220; field_desc_color=&#8220;#000000&#8243; files_container_background=&#8220;#f2f2f2&#8243; chosen_file_text_color=&#8220;#20bf35&#8243; file_button_color=&#8220;#38bc23&#8243; errormessage_wrapper_background=&#8220;#E02B20&#8243; border_radii=&#8220;on|5px|5px|5px|5px&#8220; global_colors_info=&#8220;{}&#8220; button_text_color__hover_enabled=&#8220;off|desktop&#8220; button_text_color__hover=&#8220;#ffffff&#8220; button_bg_color__hover_enabled=&#8220;off|desktop&#8220; button_bg_color__hover=&#8220;#091d3e&#8220; button_bg_enable_color__hover=&#8220;on&#8220; button_border_color__hover_enabled=&#8220;off|desktop&#8220; button_border_color__hover=&#8220;#091d3e&#8220; button_letter_spacing__hover_enabled=&#8220;on|desktop&#8220; button_letter_spacing__hover=&#8220;0px&#8220; use_spam_service=&#8220;on&#8220; recaptcha_list=&#8220;zsp|zsp-0&#8243; use_honeypot=&#8220;on&#8220; sticky_enabled=&#8220;0&#8243;][et_pb_contact_field field_id=&#8220;ZAUNFORM&#8220; field_title=&#8220;1. KSZTA\u0141T OGRODZENIA&#8220; field_type=&#8220;checkbox&#8220; checkbox_options=&#8220;%91{%22value%22:%22A.%92tOgrodzenie kute %22,%22checked%22:0,%22dragID%22:-1},{%22value%22:%22B.%92tOgrodzenie panelowe%22,%22checked%22:0,%22dragID%22:0}%93&#8243; required_mark=&#8220;off&#8220; fullwidth_field=&#8220;on&#8220; _builder_version=&#8220;4.25.1&#8243; _module_preset=&#8220;default&#8220; global_colors_info=&#8220;{}&#8220;][\/et_pb_contact_field][et_pb_contact_field field_id=&#8220;zaunmuster&#8220; field_title=&#8220;2.  WZ\u00d3R OGRODZENIA Numer obrazu z naszej galerii lub nazwa obrazu lub nazwa projektu&#8220; required_mark=&#8220;off&#8220; fullwidth_field=&#8220;on&#8220; _builder_version=&#8220;4.25.1&#8243; _module_preset=&#8220;default&#8220; global_colors_info=&#8220;{}&#8220;][\/et_pb_contact_field][et_pb_contact_field field_id=&#8220;skizze&#8220; field_title=&#8220;3.\tSzkice, obrazy lub rysunki Wy\u015blij obraz, plan lub szkic. Formaty plik\u00f3w: PDF, JPG, PNG, GIF. Maksymalny rozmiar pliku 5MB.&#8220; required_mark=&#8220;off&#8220; fullwidth_field=&#8220;on&#8220; _builder_version=&#8220;4.25.1&#8243; _module_preset=&#8220;default&#8220; field_placeholder=&#8220;3.\tSkizze, Bilder oder Zeichnungen Laden Sie ein Bild, Plan oder Skizze ein. Dateiformate: PDF, JPG, PNG, GIF. Maximale Dateigr\u00f6\u00dfe 5MB.&#8220; field_description=&#8220;3.\tSkizze, Bilder oder Zeichnungen Laden Sie ein Bild, Plan oder Skizze ein. Dateiformate: PDF, JPG, PNG, GIF. Maximale Dateigr\u00f6\u00dfe 5MB.&#8220; use_file_upload=&#8220;on&#8220; file_size=&#8220;5000&#8243; file_mime=&#8220;on|on|off|off|off|off|off|off|off|off|off|off|off|off|off|off|off|off|off|off|off|off|off|off|off|off|off|off|off|off|off|off|off|off|off|off|off|off|off|off|off|off|off|off|on|off|off|on|off|on|on|off|off|off|off|off|off|off|off|off|off|off|off|off|off|off|off|off|off|off|off|off|off|off|off|off|off|off|off|off|off|off|off|off|off|off|off|off|off|off|off|off&#8220; global_colors_info=&#8220;{}&#8220;][\/et_pb_contact_field][et_pb_contact_field field_id=&#8220;4A&#8220; field_title=&#8220;4A.\tOGRODZENIE \u2013 METRY BIE\u017b\u0104CE Wysoko\u015b\u0107 ogrodzenia H w metrach:&#8220; required_mark=&#8220;off&#8220; fullwidth_field=&#8220;on&#8220; _builder_version=&#8220;4.25.1&#8243; _module_preset=&#8220;default&#8220; global_colors_info=&#8220;{}&#8220;][\/et_pb_contact_field][et_pb_contact_field field_id=&#8220;zaunlaufende&#8220; field_title=&#8220;4B.\t OGRODZENIE \u2013 METRY BIE\u017b\u0104CE Szeroko\u015b\u0107 ogrodzenia B w metrach:&#8220; required_mark=&#8220;off&#8220; fullwidth_field=&#8220;on&#8220; _builder_version=&#8220;4.25.1&#8243; _module_preset=&#8220;default&#8220; global_colors_info=&#8220;{}&#8220;][\/et_pb_contact_field][et_pb_contact_field field_id=&#8220;pfortemas&#8220; field_title=&#8220;5A.  %91Brama: Wymiary%93 Wysoko\u015b\u0107 bramy H w metrach:&#8220; required_mark=&#8220;off&#8220; fullwidth_field=&#8220;on&#8220; _builder_version=&#8220;4.25.1&#8243; _module_preset=&#8220;default&#8220; global_colors_info=&#8220;{}&#8220;][\/et_pb_contact_field][et_pb_contact_field field_id=&#8220;pfortehohe&#8220; field_title=&#8220;5B. %91Brama: Wymiary%93 Szeroko\u015b\u0107 bramy B w metrach:&#8220; required_mark=&#8220;off&#8220; fullwidth_field=&#8220;on&#8220; _builder_version=&#8220;4.25.1&#8243; _module_preset=&#8220;default&#8220; global_colors_info=&#8220;{}&#8220;][\/et_pb_contact_field][et_pb_contact_field field_id=&#8220;torform&#8220; field_title=&#8220;6. Kszta\u0142t bramy&#8220; field_type=&#8220;checkbox&#8220; checkbox_options=&#8220;%91{%22value%22:%22A.%92tBrama wahad\u0142owa%22,%22checked%22:0,%22dragID%22:-1},{%22value%22:%22B. Brama przesuwna%22,%22checked%22:0,%22dragID%22:0}%93&#8243; required_mark=&#8220;off&#8220; fullwidth_field=&#8220;on&#8220; _builder_version=&#8220;4.25.1&#8243; _module_preset=&#8220;default&#8220; global_colors_info=&#8220;{}&#8220;][\/et_pb_contact_field][et_pb_contact_field field_id=&#8220;H\u00f6he_H_in_Metern:&#8220; field_title=&#8220;Wysoko\u015b\u0107 H w metrach:&#8220; required_mark=&#8220;off&#8220; fullwidth_field=&#8220;on&#8220; _builder_version=&#8220;4.25.1&#8243; _module_preset=&#8220;default&#8220; global_colors_info=&#8220;{}&#8220;][\/et_pb_contact_field][et_pb_contact_field field_id=&#8220;Breite_B_in_Metern:&#8220; field_title=&#8220; Szeroko\u015b\u0107 B w metrach:&#8220; required_mark=&#8220;off&#8220; fullwidth_field=&#8220;on&#8220; _builder_version=&#8220;4.25.1&#8243; _module_preset=&#8220;default&#8220; global_colors_info=&#8220;{}&#8220;][\/et_pb_contact_field][et_pb_contact_field field_id=&#8220;ANTRIEB&#8220; field_title=&#8220;7.\tNap\u0119d&#8220; field_type=&#8220;radio&#8220; radio_options=&#8220;%91{%22value%22:%22Tak%22,%22checked%22:0,%22dragID%22:-1},{%22value%22:%22Nie%22,%22checked%22:0,%22dragID%22:0}%93&#8243; required_mark=&#8220;off&#8220; fullwidth_field=&#8220;on&#8220; _builder_version=&#8220;4.25.1&#8243; _module_preset=&#8220;default&#8220; global_colors_info=&#8220;{}&#8220;][\/et_pb_contact_field][et_pb_contact_field field_id=&#8220;Message&#8220; field_title=&#8220;Wiadomo\u015b\u0107&#8220; field_type=&#8220;text&#8220; required_mark=&#8220;off&#8220; fullwidth_field=&#8220;on&#8220; _builder_version=&#8220;4.25.1&#8243; global_colors_info=&#8220;{}&#8220; button_text_size__hover_enabled=&#8220;off&#8220; button_one_text_size__hover_enabled=&#8220;off&#8220; button_two_text_size__hover_enabled=&#8220;off&#8220; button_text_color__hover_enabled=&#8220;off&#8220; button_one_text_color__hover_enabled=&#8220;off&#8220; button_two_text_color__hover_enabled=&#8220;off&#8220; button_border_width__hover_enabled=&#8220;off&#8220; button_one_border_width__hover_enabled=&#8220;off&#8220; button_two_border_width__hover_enabled=&#8220;off&#8220; button_border_color__hover_enabled=&#8220;off&#8220; button_one_border_color__hover_enabled=&#8220;off&#8220; button_two_border_color__hover_enabled=&#8220;off&#8220; button_border_radius__hover_enabled=&#8220;off&#8220; button_one_border_radius__hover_enabled=&#8220;off&#8220; button_two_border_radius__hover_enabled=&#8220;off&#8220; button_letter_spacing__hover_enabled=&#8220;off&#8220; button_one_letter_spacing__hover_enabled=&#8220;off&#8220; button_two_letter_spacing__hover_enabled=&#8220;off&#8220; button_bg_color__hover_enabled=&#8220;off&#8220; button_one_bg_color__hover_enabled=&#8220;off&#8220; button_two_bg_color__hover_enabled=&#8220;off&#8220;][\/et_pb_contact_field][et_pb_contact_field field_id=&#8220;Name&#8220; field_title=&#8220;Twoje imi\u0119 i nazwisko*:&#8220; required_mark=&#8220;off&#8220; _builder_version=&#8220;4.25.1&#8243; global_colors_info=&#8220;{}&#8220; button_text_size__hover_enabled=&#8220;off&#8220; button_one_text_size__hover_enabled=&#8220;off&#8220; button_two_text_size__hover_enabled=&#8220;off&#8220; button_text_color__hover_enabled=&#8220;off&#8220; button_one_text_color__hover_enabled=&#8220;off&#8220; button_two_text_color__hover_enabled=&#8220;off&#8220; button_border_width__hover_enabled=&#8220;off&#8220; button_one_border_width__hover_enabled=&#8220;off&#8220; button_two_border_width__hover_enabled=&#8220;off&#8220; button_border_color__hover_enabled=&#8220;off&#8220; button_one_border_color__hover_enabled=&#8220;off&#8220; button_two_border_color__hover_enabled=&#8220;off&#8220; button_border_radius__hover_enabled=&#8220;off&#8220; button_one_border_radius__hover_enabled=&#8220;off&#8220; button_two_border_radius__hover_enabled=&#8220;off&#8220; button_letter_spacing__hover_enabled=&#8220;off&#8220; button_one_letter_spacing__hover_enabled=&#8220;off&#8220; button_two_letter_spacing__hover_enabled=&#8220;off&#8220; button_bg_color__hover_enabled=&#8220;off&#8220; button_one_bg_color__hover_enabled=&#8220;off&#8220; button_two_bg_color__hover_enabled=&#8220;off&#8220;][\/et_pb_contact_field][et_pb_contact_field field_id=&#8220;Your_Email&#8220; field_title=&#8220;E-Mail*:&#8220; _builder_version=&#8220;4.25.1&#8243; global_colors_info=&#8220;{}&#8220; button_text_size__hover_enabled=&#8220;off&#8220; button_one_text_size__hover_enabled=&#8220;off&#8220; button_two_text_size__hover_enabled=&#8220;off&#8220; button_text_color__hover_enabled=&#8220;off&#8220; button_one_text_color__hover_enabled=&#8220;off&#8220; button_two_text_color__hover_enabled=&#8220;off&#8220; button_border_width__hover_enabled=&#8220;off&#8220; button_one_border_width__hover_enabled=&#8220;off&#8220; button_two_border_width__hover_enabled=&#8220;off&#8220; button_border_color__hover_enabled=&#8220;off&#8220; button_one_border_color__hover_enabled=&#8220;off&#8220; button_two_border_color__hover_enabled=&#8220;off&#8220; button_border_radius__hover_enabled=&#8220;off&#8220; button_one_border_radius__hover_enabled=&#8220;off&#8220; button_two_border_radius__hover_enabled=&#8220;off&#8220; button_letter_spacing__hover_enabled=&#8220;off&#8220; button_one_letter_spacing__hover_enabled=&#8220;off&#8220; button_two_letter_spacing__hover_enabled=&#8220;off&#8220; button_bg_color__hover_enabled=&#8220;off&#8220; button_one_bg_color__hover_enabled=&#8220;off&#8220; button_two_bg_color__hover_enabled=&#8220;off&#8220;][\/et_pb_contact_field][et_pb_contact_field field_id=&#8220;Phone_Number&#8220; field_title=&#8220;Numer Telefonu*:&#8220; _builder_version=&#8220;4.25.1&#8243; global_colors_info=&#8220;{}&#8220; button_text_size__hover_enabled=&#8220;off&#8220; button_one_text_size__hover_enabled=&#8220;off&#8220; button_two_text_size__hover_enabled=&#8220;off&#8220; button_text_color__hover_enabled=&#8220;off&#8220; button_one_text_color__hover_enabled=&#8220;off&#8220; button_two_text_color__hover_enabled=&#8220;off&#8220; button_border_width__hover_enabled=&#8220;off&#8220; button_one_border_width__hover_enabled=&#8220;off&#8220; button_two_border_width__hover_enabled=&#8220;off&#8220; button_border_color__hover_enabled=&#8220;off&#8220; button_one_border_color__hover_enabled=&#8220;off&#8220; button_two_border_color__hover_enabled=&#8220;off&#8220; button_border_radius__hover_enabled=&#8220;off&#8220; button_one_border_radius__hover_enabled=&#8220;off&#8220; button_two_border_radius__hover_enabled=&#8220;off&#8220; button_letter_spacing__hover_enabled=&#8220;off&#8220; button_one_letter_spacing__hover_enabled=&#8220;off&#8220; button_two_letter_spacing__hover_enabled=&#8220;off&#8220; button_bg_color__hover_enabled=&#8220;off&#8220; button_one_bg_color__hover_enabled=&#8220;off&#8220; button_two_bg_color__hover_enabled=&#8220;off&#8220;][\/et_pb_contact_field][et_pb_contact_field field_id=&#8220;plz&#8220; field_title=&#8220;Kod pocztowy&#8220; _builder_version=&#8220;4.25.1&#8243; global_colors_info=&#8220;{}&#8220; button_text_size__hover_enabled=&#8220;off&#8220; button_one_text_size__hover_enabled=&#8220;off&#8220; button_two_text_size__hover_enabled=&#8220;off&#8220; button_text_color__hover_enabled=&#8220;off&#8220; button_one_text_color__hover_enabled=&#8220;off&#8220; button_two_text_color__hover_enabled=&#8220;off&#8220; button_border_width__hover_enabled=&#8220;off&#8220; button_one_border_width__hover_enabled=&#8220;off&#8220; button_two_border_width__hover_enabled=&#8220;off&#8220; button_border_color__hover_enabled=&#8220;off&#8220; button_one_border_color__hover_enabled=&#8220;off&#8220; button_two_border_color__hover_enabled=&#8220;off&#8220; button_border_radius__hover_enabled=&#8220;off&#8220; button_one_border_radius__hover_enabled=&#8220;off&#8220; button_two_border_radius__hover_enabled=&#8220;off&#8220; button_letter_spacing__hover_enabled=&#8220;off&#8220; button_one_letter_spacing__hover_enabled=&#8220;off&#8220; button_two_letter_spacing__hover_enabled=&#8220;off&#8220; button_bg_color__hover_enabled=&#8220;off&#8220; button_one_bg_color__hover_enabled=&#8220;off&#8220; button_two_bg_color__hover_enabled=&#8220;off&#8220;][\/et_pb_contact_field][et_pb_contact_field field_id=&#8220;Datenschutzerkl\u00e4rung&#8220; field_title=&#8220;Ochrona danych&#8220; field_type=&#8220;radio&#8220; radio_options=&#8220;%91{%22value%22:%22 Zgoda: Zgadzam si\u0119 z polityk\u0105 prywatno\u015bci.%22,%22checked%22:0,%22dragID%22:-1}%93&#8243; fullwidth_field=&#8220;on&#8220; _builder_version=&#8220;4.25.1&#8243; _module_preset=&#8220;default&#8220; global_colors_info=&#8220;{}&#8220;][\/et_pb_contact_field][\/et_pb_contact_form][\/et_pb_column][\/et_pb_row][et_pb_row _builder_version=&#8220;4.23&#8243; _module_preset=&#8220;default&#8220; custom_padding=&#8220;43px|||||&#8220; global_colors_info=&#8220;{}&#8220;][et_pb_column type=&#8220;4_4&#8243; _builder_version=&#8220;4.23&#8243; _module_preset=&#8220;default&#8220; global_colors_info=&#8220;{}&#8220;][et_pb_text _builder_version=&#8220;4.25.1&#8243; _module_preset=&#8220;default&#8220; text_font=&#8220;Poppins||||||||&#8220; text_text_color=&#8220;#FFFFFF&#8220; text_font_size=&#8220;27px&#8220; text_line_height=&#8220;1.8em&#8220; custom_margin=&#8220;-5px||||false|false&#8220; custom_margin_tablet=&#8220;-24px||||false|false&#8220; custom_margin_phone=&#8220;-26px||||false|false&#8220; custom_margin_last_edited=&#8220;on|desktop&#8220; custom_padding=&#8220;||||false|false&#8220; text_text_shadow_style=&#8220;preset1&#8243; text_text_shadow_color=&#8220;#000000&#8243; global_colors_info=&#8220;{}&#8220;]<\/p>\n<p style=\"text-align: center;\">Je\u017celi jeste\u015b zadowolony z naszej oferty um\u00f3w si\u0119 na spotkanie na miejscu. Wykonujemy pomiar i odnajdujemy najlepsze rozwi\u0105zania.<br \/>Po spotkaniu otrzymaj\u0105 Pa\u0144stwo wi\u0105\u017c\u0105c\u0105 ofert\u0119.<br \/>Po akceptacji oferty rozpoczynamy produkcj\u0119.<\/p>\n<p>[\/et_pb_text][\/et_pb_column][\/et_pb_row][\/et_pb_section]<\/p>\n","protected":false},"excerpt":{"rendered":"<p>FORMULARZTutaj znajdziesz nasz formularz kontaktowy, dzi\u0119ki kt\u00f3remu mo\u017cesz nawi\u0105za\u0107 z nami pierwszy kontakt.Wybierasz przyk\u0142adowe ogrodzenie z naszej galerii i podaj nam numer. Powiedz nam, jak wysokie powinno by\u0107 Twoje przyk\u0142adowe ogrodzenie i podaj liczb\u0119 furtek i bram. Wybierz przyk\u0142adowe ogrodzenie, a my prze\u015blemy Ci ofert\u0119.Je\u017celi jeste\u015b zadowolony z naszej oferty um\u00f3w si\u0119 na spotkanie na [&hellip;]<\/p>\n","protected":false},"author":1,"featured_media":0,"parent":0,"menu_order":0,"comment_status":"closed","ping_status":"closed","template":"","meta":{"_et_pb_use_builder":"on","_et_pb_old_content":"","_et_gb_content_width":"","footnotes":""},"class_list":["post-94783","page","type-page","status-publish","hentry"],"_links":{"self":[{"href":"https:\/\/zaunservicepoland.com\/pl\/wp-json\/wp\/v2\/pages\/94783","targetHints":{"allow":["GET"]}}],"collection":[{"href":"https:\/\/zaunservicepoland.com\/pl\/wp-json\/wp\/v2\/pages"}],"about":[{"href":"https:\/\/zaunservicepoland.com\/pl\/wp-json\/wp\/v2\/types\/page"}],"author":[{"embeddable":true,"href":"https:\/\/zaunservicepoland.com\/pl\/wp-json\/wp\/v2\/users\/1"}],"replies":[{"embeddable":true,"href":"https:\/\/zaunservicepoland.com\/pl\/wp-json\/wp\/v2\/comments?post=94783"}],"version-history":[{"count":42,"href":"https:\/\/zaunservicepoland.com\/pl\/wp-json\/wp\/v2\/pages\/94783\/revisions"}],"predecessor-version":[{"id":101335,"href":"https:\/\/zaunservicepoland.com\/pl\/wp-json\/wp\/v2\/pages\/94783\/revisions\/101335"}],"wp:attachment":[{"href":"https:\/\/zaunservicepoland.com\/pl\/wp-json\/wp\/v2\/media?parent=94783"}],"curies":[{"name":"wp","href":"https:\/\/api.w.org\/{rel}","templated":true}]}}